{"id":1926,"date":"2026-04-20T22:12:13","date_gmt":"2026-04-20T20:12:13","guid":{"rendered":"https:\/\/joanolivella.cat\/?page_id=1926"},"modified":"2026-04-21T21:48:55","modified_gmt":"2026-04-21T19:48:55","slug":"cookie-policy","status":"publish","type":"page","link":"https:\/\/joanolivella.cat\/en\/cookie-policy\/","title":{"rendered":"Cookie Policy"},"content":{"rendered":"\t\t<div data-elementor-type=\"wp-page\" data-elementor-id=\"1926\" class=\"elementor elementor-1926\">\n\t\t\t\t\t\t<section class=\"elementor-section elementor-top-section elementor-element elementor-element-ba5a9d0 elementor-section-height-min-height elementor-section-full_width elementor-section-height-default elementor-section-items-middle\" data-id=\"ba5a9d0\" data-element_type=\"section\" data-e-type=\"section\" data-settings=\"{&quot;background_background&quot;:&quot;classic&quot;}\">\n\t\t\t\t\t\t<div class=\"elementor-container elementor-column-gap-default\">\n\t\t\t\t\t<div class=\"elementor-column elementor-col-100 elementor-top-column elementor-element elementor-element-53d89a7\" data-id=\"53d89a7\" data-element_type=\"column\" data-e-type=\"column\">\n\t\t\t<div class=\"elementor-widget-wrap elementor-element-populated\">\n\t\t\t\t\t\t<div class=\"elementor-element elementor-element-a822861 elementor-mobile-align-center elementor-align-left elementor-widget elementor-widget-raven-heading\" data-id=\"a822861\" data-element_type=\"widget\" data-e-type=\"widget\" data-widget_type=\"raven-heading.default\">\n\t\t\t\t<div class=\"elementor-widget-container\">\n\t\t\t\t\t\t\t<div class=\"raven-widget-wrapper\"><h1 class=\"raven-heading raven-heading-h1\"><span class=\"raven-heading-title \">Pol\u00edtica de cookies<\/span><\/h1><\/div>\n\t\t\t\t\t\t<\/div>\n\t\t\t\t<\/div>\n\t\t\t\t\t<\/div>\n\t\t<\/div>\n\t\t\t\t\t<\/div>\n\t\t<\/section>\n\t\t<div class=\"elementor-element elementor-element-4a83d13c e-flex e-con-boxed e-con e-parent\" data-id=\"4a83d13c\" data-element_type=\"container\" data-e-type=\"container\">\n\t\t\t\t\t<div class=\"e-con-inner\">\n\t\t\t\t<div class=\"elementor-element elementor-element-56a1ea5 elementor-widget elementor-widget-text-editor\" data-id=\"56a1ea5\" data-element_type=\"widget\" data-e-type=\"widget\" data-widget_type=\"text-editor.default\">\n\t\t\t\t\t\t\t\t\t\n<p data-start=\"224\" data-end=\"434\">Aquesta p\u00e0gina proporciona informaci\u00f3 completa sobre com utilitzem les cookies al nostre lloc web per millorar la teva experi\u00e8ncia de navegaci\u00f3, optimitzar el rendiment del web i oferir contingut personalitzat.<\/p>\n<p data-start=\"436\" data-end=\"687\">Les cookies s\u00f3n petits fitxers de text que s\u2019emmagatzemen al teu dispositiu quan visites el nostre lloc web. Ens ajuden a entendre com interactuen els visitants amb la nostra p\u00e0gina, permetent-nos oferir una experi\u00e8ncia d\u2019usuari m\u00e9s fluida i eficient.<\/p>\n<p data-start=\"689\" data-end=\"838\">A la taula seg\u00fcent trobar\u00e0s informaci\u00f3 detallada sobre cada tipus de cookie que utilitzem, la seva finalitat i quant temps romanen al teu dispositiu.<\/p>\n<p data-start=\"840\" data-end=\"1079\">Ens comprometem a respectar la teva privacitat i a oferir transpar\u00e8ncia sobre les dades que recollim mitjan\u00e7ant les cookies. Per a m\u00e9s informaci\u00f3 sobre com gestionem les teves dades personals, consulta la nostra <strong data-start=\"1052\" data-end=\"1078\">Pol\u00edtica de privacitat<\/strong>.<\/p>\n<hr data-start=\"1081\" data-end=\"1084\" \/>\n<h2 data-section-id=\"gno2tk\" data-start=\"1086\" data-end=\"1104\">\ud83e\udde9 Essencials<\/h2>\n<p data-start=\"1105\" data-end=\"1215\">Les cookies essencials permeten funcions b\u00e0siques i s\u00f3n necess\u00e0ries per al correcte funcionament del lloc web.<\/p>\n<div class=\"TyagGW_tableContainer\">\n<div class=\"group TyagGW_tableWrapper flex flex-col-reverse w-fit\" tabindex=\"-1\">\n<table class=\"w-fit min-w-(--thread-content-width)\" data-start=\"1217\" data-end=\"1392\">\n<thead data-start=\"1217\" data-end=\"1246\">\n<tr data-start=\"1217\" data-end=\"1246\">\n<th class=\"\" data-start=\"1217\" data-end=\"1223\" data-col-size=\"sm\">Nom<\/th>\n<th class=\"\" data-start=\"1223\" data-end=\"1236\" data-col-size=\"md\">Descripci\u00f3<\/th>\n<th class=\"\" data-start=\"1236\" data-end=\"1246\" data-col-size=\"sm\">Durada<\/th>\n<\/tr>\n<\/thead>\n<tbody data-start=\"1277\" data-end=\"1392\">\n<tr data-start=\"1277\" data-end=\"1392\">\n<td data-start=\"1277\" data-end=\"1301\" data-col-size=\"sm\">wpconsent_preferences<\/td>\n<td data-col-size=\"md\" data-start=\"1301\" data-end=\"1381\">S\u2019utilitza per desar les prefer\u00e8ncies de consentiment de cookies de l\u2019usuari.<\/td>\n<td data-col-size=\"sm\" data-start=\"1381\" data-end=\"1392\">30 dies<\/td>\n<\/tr>\n<\/tbody>\n<\/table>\n<\/div>\n<\/div>\n<hr data-start=\"1394\" data-end=\"1397\" \/>\n<h2 data-section-id=\"b5me0z\" data-start=\"1399\" data-end=\"1417\">\ud83d\udcac Comentaris<\/h2>\n<p data-start=\"1418\" data-end=\"1494\">Aquestes cookies s\u00f3n necess\u00e0ries per permetre afegir comentaris al lloc web.<\/p>\n<div class=\"TyagGW_tableContainer\">\n<div class=\"group TyagGW_tableWrapper flex flex-col-reverse w-fit\" tabindex=\"-1\">\n<table class=\"w-fit min-w-(--thread-content-width)\" data-start=\"1496\" data-end=\"1805\">\n<thead data-start=\"1496\" data-end=\"1525\">\n<tr data-start=\"1496\" data-end=\"1525\">\n<th class=\"\" data-start=\"1496\" data-end=\"1502\" data-col-size=\"sm\">Nom<\/th>\n<th class=\"\" data-start=\"1502\" data-end=\"1515\" data-col-size=\"md\">Descripci\u00f3<\/th>\n<th class=\"\" data-start=\"1515\" data-end=\"1525\" data-col-size=\"sm\">Durada<\/th>\n<\/tr>\n<\/thead>\n<tbody data-start=\"1556\" data-end=\"1805\">\n<tr data-start=\"1556\" data-end=\"1635\">\n<td data-start=\"1556\" data-end=\"1573\" data-col-size=\"sm\">comment_author<\/td>\n<td data-start=\"1573\" data-end=\"1625\" data-col-size=\"md\">S\u2019utilitza per rastrejar l\u2019usuari entre sessions.<\/td>\n<td data-col-size=\"sm\" data-start=\"1625\" data-end=\"1635\">Sessi\u00f3<\/td>\n<\/tr>\n<tr data-start=\"1636\" data-end=\"1721\">\n<td data-start=\"1636\" data-end=\"1659\" data-col-size=\"sm\">comment_author_email<\/td>\n<td data-col-size=\"md\" data-start=\"1659\" data-end=\"1711\">S\u2019utilitza per rastrejar l\u2019usuari entre sessions.<\/td>\n<td data-col-size=\"sm\" data-start=\"1711\" data-end=\"1721\">Sessi\u00f3<\/td>\n<\/tr>\n<tr data-start=\"1722\" data-end=\"1805\">\n<td data-start=\"1722\" data-end=\"1743\" data-col-size=\"sm\">comment_author_url<\/td>\n<td data-col-size=\"md\" data-start=\"1743\" data-end=\"1795\">S\u2019utilitza per rastrejar l\u2019usuari entre sessions.<\/td>\n<td data-col-size=\"sm\" data-start=\"1795\" data-end=\"1805\">Sessi\u00f3<\/td>\n<\/tr>\n<\/tbody>\n<\/table>\n<\/div>\n<\/div>\n<hr data-start=\"1807\" data-end=\"1810\" \/>\n<h2 data-section-id=\"lvhm90\" data-start=\"1812\" data-end=\"1833\">\ud83d\udcca Estad\u00edstiques<\/h2>\n<p data-start=\"1834\" data-end=\"1988\">Les cookies d\u2019estad\u00edstiques recullen informaci\u00f3 de manera an\u00f2nima. Aquesta informaci\u00f3 ens ajuda a entendre com els visitants utilitzen el nostre lloc web.<\/p>\n<p data-start=\"1834\" data-end=\"1988\">\u00a0<\/p>\n<h3 data-section-id=\"dv7cop\" data-start=\"1990\" data-end=\"2012\">Google Analytics<\/h3>\n<p data-start=\"2013\" data-end=\"2133\">\u00a0<\/p>\n<p data-start=\"2013\" data-end=\"2133\">Google Analytics \u00e9s una eina potent que analitza el tr\u00e0nsit del lloc web per prendre decisions de m\u00e0rqueting informades.<\/p>\n<p data-start=\"2135\" data-end=\"2153\"><strong data-start=\"2135\" data-end=\"2153\">M\u00e9s informaci\u00f3<\/strong><\/p>\n<div class=\"TyagGW_tableContainer\">\n<div class=\"group TyagGW_tableWrapper flex flex-col-reverse w-fit\" tabindex=\"-1\">\n<table class=\"w-fit min-w-(--thread-content-width)\" data-start=\"2155\" data-end=\"3173\">\n<thead data-start=\"2155\" data-end=\"2184\">\n<tr data-start=\"2155\" data-end=\"2184\">\n<th class=\"\" data-start=\"2155\" data-end=\"2161\" data-col-size=\"sm\">Nom<\/th>\n<th class=\"\" data-start=\"2161\" data-end=\"2174\" data-col-size=\"lg\">Descripci\u00f3<\/th>\n<th class=\"\" data-start=\"2174\" data-end=\"2184\" data-col-size=\"sm\">Durada<\/th>\n<\/tr>\n<\/thead>\n<tbody data-start=\"2215\" data-end=\"3173\">\n<tr data-start=\"2215\" data-end=\"2369\">\n<td data-start=\"2215\" data-end=\"2223\" data-col-size=\"sm\"><em data-start=\"2217\" data-end=\"2222\">gac<\/em><\/td>\n<td data-start=\"2223\" data-end=\"2358\" data-col-size=\"lg\">Cont\u00e9 informaci\u00f3 relacionada amb campanyes de m\u00e0rqueting de l\u2019usuari. Es comparteix amb Google Ads quan els comptes estan enlla\u00e7ats.<\/td>\n<td data-col-size=\"sm\" data-start=\"2358\" data-end=\"2369\">90 dies<\/td>\n<\/tr>\n<tr data-start=\"2370\" data-end=\"2426\">\n<td data-start=\"2370\" data-end=\"2379\" data-col-size=\"sm\">__utma<\/td>\n<td data-start=\"2379\" data-end=\"2416\" data-col-size=\"lg\">Identificador d\u2019usuaris i sessions<\/td>\n<td data-col-size=\"sm\" data-start=\"2416\" data-end=\"2426\">2 anys<\/td>\n<\/tr>\n<tr data-start=\"2427\" data-end=\"2515\">\n<td data-start=\"2427\" data-end=\"2436\" data-col-size=\"sm\">__utmt<\/td>\n<td data-start=\"2436\" data-end=\"2502\" data-col-size=\"lg\">Control del nombre de peticions al servidor de Google Analytics<\/td>\n<td data-col-size=\"sm\" data-start=\"2502\" data-end=\"2515\">10 minuts<\/td>\n<\/tr>\n<tr data-start=\"2516\" data-end=\"2576\">\n<td data-start=\"2516\" data-end=\"2525\" data-col-size=\"sm\">__utmb<\/td>\n<td data-col-size=\"lg\" data-start=\"2525\" data-end=\"2563\">Distingeix noves sessions i visites<\/td>\n<td data-col-size=\"sm\" data-start=\"2563\" data-end=\"2576\">30 minuts<\/td>\n<\/tr>\n<tr data-start=\"2577\" data-end=\"2653\">\n<td data-start=\"2577\" data-end=\"2586\" data-col-size=\"sm\">__utmc<\/td>\n<td data-start=\"2586\" data-end=\"2643\" data-col-size=\"lg\">Antic sistema per distingir sessions (final de sessi\u00f3)<\/td>\n<td data-col-size=\"sm\" data-start=\"2643\" data-end=\"2653\">Sessi\u00f3<\/td>\n<\/tr>\n<tr data-start=\"2654\" data-end=\"2723\">\n<td data-start=\"2654\" data-end=\"2663\" data-col-size=\"sm\">__utmz<\/td>\n<td data-start=\"2663\" data-end=\"2712\" data-col-size=\"lg\">Informaci\u00f3 sobre la font de tr\u00e0nsit o campanya<\/td>\n<td data-col-size=\"sm\" data-start=\"2712\" data-end=\"2723\">6 mesos<\/td>\n<\/tr>\n<tr data-start=\"2724\" data-end=\"2799\">\n<td data-start=\"2724\" data-end=\"2733\" data-col-size=\"sm\">__utmv<\/td>\n<td data-start=\"2733\" data-end=\"2789\" data-col-size=\"lg\">Informaci\u00f3 personalitzada definida pel desenvolupador<\/td>\n<td data-col-size=\"sm\" data-start=\"2789\" data-end=\"2799\">2 anys<\/td>\n<\/tr>\n<tr data-start=\"2800\" data-end=\"2886\">\n<td data-start=\"2800\" data-end=\"2809\" data-col-size=\"sm\">__utmx<\/td>\n<td data-start=\"2809\" data-end=\"2874\" data-col-size=\"lg\">Determina si un usuari participa en proves A\/B o multivariants<\/td>\n<td data-col-size=\"sm\" data-start=\"2874\" data-end=\"2886\">18 mesos<\/td>\n<\/tr>\n<tr data-start=\"2887\" data-end=\"2929\">\n<td data-start=\"2887\" data-end=\"2893\" data-col-size=\"sm\">_ga<\/td>\n<td data-start=\"2893\" data-end=\"2919\" data-col-size=\"lg\">Identificador d\u2019usuaris<\/td>\n<td data-col-size=\"sm\" data-start=\"2919\" data-end=\"2929\">2 anys<\/td>\n<\/tr>\n<tr data-start=\"2930\" data-end=\"3002\">\n<td data-start=\"2930\" data-end=\"2938\" data-col-size=\"sm\">_gali<\/td>\n<td data-start=\"2938\" data-end=\"2989\" data-col-size=\"lg\">Determina quins enlla\u00e7os es fan clic a la p\u00e0gina<\/td>\n<td data-col-size=\"sm\" data-start=\"2989\" data-end=\"3002\">30 segons<\/td>\n<\/tr>\n<tr data-start=\"3003\" data-end=\"3046\">\n<td data-start=\"3003\" data-end=\"3010\" data-col-size=\"sm\"><em data-start=\"3005\" data-end=\"3009\">ga<\/em><\/td>\n<td data-start=\"3010\" data-end=\"3036\" data-col-size=\"lg\">Identificador d\u2019usuaris<\/td>\n<td data-col-size=\"sm\" data-start=\"3036\" data-end=\"3046\">2 anys<\/td>\n<\/tr>\n<tr data-start=\"3047\" data-end=\"3108\">\n<td data-start=\"3047\" data-end=\"3054\" data-col-size=\"sm\">_gid<\/td>\n<td data-start=\"3054\" data-end=\"3096\" data-col-size=\"lg\">Identificador d\u2019usuaris durant 24 hores<\/td>\n<td data-col-size=\"sm\" data-start=\"3096\" data-end=\"3108\">24 hores<\/td>\n<\/tr>\n<tr data-start=\"3109\" data-end=\"3173\">\n<td data-start=\"3109\" data-end=\"3116\" data-col-size=\"sm\">_gat<\/td>\n<td data-col-size=\"lg\" data-start=\"3116\" data-end=\"3162\">Control del nombre de peticions al servidor<\/td>\n<td data-col-size=\"sm\" data-start=\"3162\" data-end=\"3173\">1 minut<\/td>\n<\/tr>\n<\/tbody>\n<\/table>\n<\/div>\n<\/div>\n\t\t\t\t\t\t\t\t<\/div>\n\t\t\t\t\t<\/div>\n\t\t\t\t<\/div>\n\t\t\t\t<\/div>\n\t\t","protected":false},"excerpt":{"rendered":"<p>Pol\u00edtica de cookies Aquesta p\u00e0gina proporciona informaci\u00f3 completa sobre com utilitzem les cookies al nostre lloc web per millorar la teva experi\u00e8ncia de navegaci\u00f3, optimitzar el rendiment del web i oferir contingut personalitzat. Les cookies s\u00f3n petits fitxers de text que s\u2019emmagatzemen al teu dispositiu quan visites el nostre lloc web. Ens ajuden a entendre [&hellip;]<\/p>\n","protected":false},"author":1,"featured_media":0,"parent":0,"menu_order":0,"comment_status":"closed","ping_status":"closed","template":"","meta":{"footnotes":""},"class_list":["post-1926","page","type-page","status-publish","hentry"],"yoast_head":"<!-- This site is optimized with the Yoast SEO plugin v27.4 - https:\/\/yoast.com\/product\/yoast-seo-wordpress\/ -->\n<title>Cookie Policy - Joan Olivella<\/title>\n<meta name=\"robots\" content=\"index, follow, max-snippet:-1, max-image-preview:large, max-video-preview:-1\" \/>\n<link rel=\"canonical\" href=\"https:\/\/joanolivella.cat\/en\/cookie-policy\/\" \/>\n<meta property=\"og:locale\" content=\"en_US\" \/>\n<meta property=\"og:type\" content=\"article\" \/>\n<meta property=\"og:title\" content=\"Cookie Policy - Joan Olivella\" \/>\n<meta property=\"og:description\" content=\"Pol\u00edtica de cookies Aquesta p\u00e0gina proporciona informaci\u00f3 completa sobre com utilitzem les cookies al nostre lloc web per millorar la teva experi\u00e8ncia de navegaci\u00f3, optimitzar el rendiment del web i oferir contingut personalitzat. Les cookies s\u00f3n petits fitxers de text que s\u2019emmagatzemen al teu dispositiu quan visites el nostre lloc web. Ens ajuden a entendre [&hellip;]\" \/>\n<meta property=\"og:url\" content=\"https:\/\/joanolivella.cat\/en\/cookie-policy\/\" \/>\n<meta property=\"og:site_name\" content=\"Joan Olivella\" \/>\n<meta property=\"article:modified_time\" content=\"2026-04-21T19:48:55+00:00\" \/>\n<meta name=\"twitter:card\" content=\"summary_large_image\" \/>\n<meta name=\"twitter:label1\" content=\"Est. reading time\" \/>\n\t<meta name=\"twitter:data1\" content=\"3 minutes\" \/>\n<script type=\"application\/ld+json\" class=\"yoast-schema-graph\">{\"@context\":\"https:\\\/\\\/schema.org\",\"@graph\":[{\"@type\":\"WebPage\",\"@id\":\"https:\\\/\\\/joanolivella.cat\\\/en\\\/cookie-policy\\\/\",\"url\":\"https:\\\/\\\/joanolivella.cat\\\/en\\\/cookie-policy\\\/\",\"name\":\"Cookie Policy - Joan Olivella\",\"isPartOf\":{\"@id\":\"https:\\\/\\\/joanolivella.cat\\\/#website\"},\"datePublished\":\"2026-04-20T20:12:13+00:00\",\"dateModified\":\"2026-04-21T19:48:55+00:00\",\"breadcrumb\":{\"@id\":\"https:\\\/\\\/joanolivella.cat\\\/en\\\/cookie-policy\\\/#breadcrumb\"},\"inLanguage\":\"en-US\",\"potentialAction\":[{\"@type\":\"ReadAction\",\"target\":[\"https:\\\/\\\/joanolivella.cat\\\/en\\\/cookie-policy\\\/\"]}]},{\"@type\":\"BreadcrumbList\",\"@id\":\"https:\\\/\\\/joanolivella.cat\\\/en\\\/cookie-policy\\\/#breadcrumb\",\"itemListElement\":[{\"@type\":\"ListItem\",\"position\":1,\"name\":\"Inici\",\"item\":\"https:\\\/\\\/joanolivella.cat\\\/en\\\/\"},{\"@type\":\"ListItem\",\"position\":2,\"name\":\"Cookie Policy\"}]},{\"@type\":\"WebSite\",\"@id\":\"https:\\\/\\\/joanolivella.cat\\\/#website\",\"url\":\"https:\\\/\\\/joanolivella.cat\\\/\",\"name\":\"Joan Olivella\",\"description\":\"Interiorisme i disseny\",\"potentialAction\":[{\"@type\":\"SearchAction\",\"target\":{\"@type\":\"EntryPoint\",\"urlTemplate\":\"https:\\\/\\\/joanolivella.cat\\\/?s={search_term_string}\"},\"query-input\":{\"@type\":\"PropertyValueSpecification\",\"valueRequired\":true,\"valueName\":\"search_term_string\"}}],\"inLanguage\":\"en-US\"}]}<\/script>\n<!-- \/ Yoast SEO plugin. -->","yoast_head_json":{"title":"Cookie Policy - Joan Olivella","robots":{"index":"index","follow":"follow","max-snippet":"max-snippet:-1","max-image-preview":"max-image-preview:large","max-video-preview":"max-video-preview:-1"},"canonical":"https:\/\/joanolivella.cat\/en\/cookie-policy\/","og_locale":"en_US","og_type":"article","og_title":"Cookie Policy - Joan Olivella","og_description":"Pol\u00edtica de cookies Aquesta p\u00e0gina proporciona informaci\u00f3 completa sobre com utilitzem les cookies al nostre lloc web per millorar la teva experi\u00e8ncia de navegaci\u00f3, optimitzar el rendiment del web i oferir contingut personalitzat. Les cookies s\u00f3n petits fitxers de text que s\u2019emmagatzemen al teu dispositiu quan visites el nostre lloc web. Ens ajuden a entendre [&hellip;]","og_url":"https:\/\/joanolivella.cat\/en\/cookie-policy\/","og_site_name":"Joan Olivella","article_modified_time":"2026-04-21T19:48:55+00:00","twitter_card":"summary_large_image","twitter_misc":{"Est. reading time":"3 minutes"},"schema":{"@context":"https:\/\/schema.org","@graph":[{"@type":"WebPage","@id":"https:\/\/joanolivella.cat\/en\/cookie-policy\/","url":"https:\/\/joanolivella.cat\/en\/cookie-policy\/","name":"Cookie Policy - Joan Olivella","isPartOf":{"@id":"https:\/\/joanolivella.cat\/#website"},"datePublished":"2026-04-20T20:12:13+00:00","dateModified":"2026-04-21T19:48:55+00:00","breadcrumb":{"@id":"https:\/\/joanolivella.cat\/en\/cookie-policy\/#breadcrumb"},"inLanguage":"en-US","potentialAction":[{"@type":"ReadAction","target":["https:\/\/joanolivella.cat\/en\/cookie-policy\/"]}]},{"@type":"BreadcrumbList","@id":"https:\/\/joanolivella.cat\/en\/cookie-policy\/#breadcrumb","itemListElement":[{"@type":"ListItem","position":1,"name":"Inici","item":"https:\/\/joanolivella.cat\/en\/"},{"@type":"ListItem","position":2,"name":"Cookie Policy"}]},{"@type":"WebSite","@id":"https:\/\/joanolivella.cat\/#website","url":"https:\/\/joanolivella.cat\/","name":"Joan Olivella","description":"Interiorisme i disseny","potentialAction":[{"@type":"SearchAction","target":{"@type":"EntryPoint","urlTemplate":"https:\/\/joanolivella.cat\/?s={search_term_string}"},"query-input":{"@type":"PropertyValueSpecification","valueRequired":true,"valueName":"search_term_string"}}],"inLanguage":"en-US"}]}},"_links":{"self":[{"href":"https:\/\/joanolivella.cat\/en\/wp-json\/wp\/v2\/pages\/1926","targetHints":{"allow":["GET"]}}],"collection":[{"href":"https:\/\/joanolivella.cat\/en\/wp-json\/wp\/v2\/pages"}],"about":[{"href":"https:\/\/joanolivella.cat\/en\/wp-json\/wp\/v2\/types\/page"}],"author":[{"embeddable":true,"href":"https:\/\/joanolivella.cat\/en\/wp-json\/wp\/v2\/users\/1"}],"replies":[{"embeddable":true,"href":"https:\/\/joanolivella.cat\/en\/wp-json\/wp\/v2\/comments?post=1926"}],"version-history":[{"count":3,"href":"https:\/\/joanolivella.cat\/en\/wp-json\/wp\/v2\/pages\/1926\/revisions"}],"predecessor-version":[{"id":1954,"href":"https:\/\/joanolivella.cat\/en\/wp-json\/wp\/v2\/pages\/1926\/revisions\/1954"}],"wp:attachment":[{"href":"https:\/\/joanolivella.cat\/en\/wp-json\/wp\/v2\/media?parent=1926"}],"curies":[{"name":"wp","href":"https:\/\/api.w.org\/{rel}","templated":true}]}}